{"id":294,"date":"2024-02-15T11:54:06","date_gmt":"2024-02-15T10:54:06","guid":{"rendered":"https:\/\/gourmetexperiencemallorca.com\/?page_id=294"},"modified":"2024-10-26T11:38:12","modified_gmt":"2024-10-26T10:38:12","slug":"terminos-y-condiciones-del-servicio","status":"publish","type":"page","link":"https:\/\/gourmetexperiencemallorca.com\/es\/terminos-y-condiciones-del-servicio\/","title":{"rendered":"Terminos y condiciones del servicio"},"content":{"rendered":"\n<p>Ca&#8217;n Salas Gourmet Experience es una experiencia privada que se ofrece en un lugar privado. Solo est\u00e1 disponible con reserva previa que solo se puede realizar contactando directamente con nosotros. Ning\u00fan sitio web externo tiene derecho a ofrecer reservas para nuestras experiencias. Los administradores se reservan el derecho de admisi\u00f3n. <\/p>\n\n\n\n<p>Ca&#8217;n Salas Gourmet Experience es un proyecto de la Chef Michela Saragoni y la referencia a efectos legales es la propietaria del negocio Chef Michela Saragoni, (Michela Saragoni, Cam\u00ed de Ses Comes, Po.17, Parc. 209, 07140 Sencelles. NIE Y3769584J, tel. +34 694 407 737)<\/p>\n\n\n\n<p>Si reservas con nosotros aceptas las siguientes condiciones:<\/p>\n\n\n\n<ul class=\"wp-block-list\">\n<li>Al realizar la reserva deber\u00e1s abonar el 50% del precio acordado para confirmar la reserva, mientras que el 50% restante se abonar\u00e1 una semana antes de la reserva. Para reservas con antelaci\u00f3n inferior a las dos semanas, ser\u00e1 necesario abonar el intero importe al momento de la reserva.<\/li>\n\n\n\n<li>Aceptamos reservas con un m\u00ednimo de una semana de antelaci\u00f3n.<\/li>\n\n\n\n<li>Aceptamos reservas de un m\u00ednimo de 4 personas o mediante el pago del precio equivalente a 4 personas.<\/li>\n\n\n\n<li>Si cancelas tu reserva con hasta 2 semanas de antelaci\u00f3n, te devolveremos el importe total pagado. Si cancelas tu reserva con menos de 2 semanas de antelaci\u00f3n, retendremos el 50% del importe pagado. Para reservas canceladas con 1 semana o menos de antelaci\u00f3n, retendremos el precio total de la experiencia. Si a\u00fan no se ha pagado el importe total, el cliente tendr\u00e1 que pagar a los administradores de Ca&#8217;n Salas el importe restante.<\/li>\n\n\n\n<li>Trat\u00e1ndose de una experiencia que ofrece bebidas alcoh\u00f3licas, no se admiten&nbsp;minores de 18 a\u00f1os.<\/li>\n\n\n\n<li>Las experiencias se ofrecen en Castellano o Ingl\u00e9s, as\u00ed como todas las comunicaciones entre el cliente y los administradores solo podran efectuarse en estos dos idiomas.<\/li>\n\n\n\n<li>Cualquier excepci\u00f3n a estas condiciones ser\u00e1 v\u00e1lida solo si previamente acordada por escrito entre las partes.<\/li>\n<\/ul>\n\n\n\n<p><\/p>\n\n\n\n<ul class=\"wp-block-list\"><\/ul>\n\n\n\n<p><\/p>\n","protected":false},"excerpt":{"rendered":"<p>Ca&#8217;n Salas Gourmet Experience es una experiencia privada que se ofrece en un lugar privado. Solo est\u00e1 disponible con reserva<\/p>\n","protected":false},"author":1,"featured_media":0,"parent":0,"menu_order":0,"comment_status":"closed","ping_status":"closed","template":"","meta":{"footnotes":""},"class_list":["post-294","page","type-page","status-publish","hentry"],"_links":{"self":[{"href":"https:\/\/gourmetexperiencemallorca.com\/es\/wp-json\/wp\/v2\/pages\/294","targetHints":{"allow":["GET"]}}],"collection":[{"href":"https:\/\/gourmetexperiencemallorca.com\/es\/wp-json\/wp\/v2\/pages"}],"about":[{"href":"https:\/\/gourmetexperiencemallorca.com\/es\/wp-json\/wp\/v2\/types\/page"}],"author":[{"embeddable":true,"href":"https:\/\/gourmetexperiencemallorca.com\/es\/wp-json\/wp\/v2\/users\/1"}],"replies":[{"embeddable":true,"href":"https:\/\/gourmetexperiencemallorca.com\/es\/wp-json\/wp\/v2\/comments?post=294"}],"version-history":[{"count":5,"href":"https:\/\/gourmetexperiencemallorca.com\/es\/wp-json\/wp\/v2\/pages\/294\/revisions"}],"predecessor-version":[{"id":706,"href":"https:\/\/gourmetexperiencemallorca.com\/es\/wp-json\/wp\/v2\/pages\/294\/revisions\/706"}],"wp:attachment":[{"href":"https:\/\/gourmetexperiencemallorca.com\/es\/wp-json\/wp\/v2\/media?parent=294"}],"curies":[{"name":"wp","href":"https:\/\/api.w.org\/{rel}","templated":true}]}}