{"id":290,"date":"2024-02-15T11:52:57","date_gmt":"2024-02-15T10:52:57","guid":{"rendered":"https:\/\/gourmetexperiencemallorca.com\/?page_id=290"},"modified":"2024-10-26T11:09:38","modified_gmt":"2024-10-26T10:09:38","slug":"aviso-legale","status":"publish","type":"page","link":"https:\/\/gourmetexperiencemallorca.com\/es\/aviso-legale\/","title":{"rendered":"Aviso Legale"},"content":{"rendered":"\n<p>Est\u00e1s en un espacio comprometido con los derechos de sus usuarios y por raz\u00f3n, tendr\u00e1s m\u00e1xima transparencia y rigor sobre todo que necesitas saber sobre esta web.<\/p>\n\n\n\n<p>Esta web cumple rigurosamente con la Ley Org\u00e1nica 3\/2018, de 5 de diciembre, de Protecci\u00f3n de Datos Personales y garant\u00eda de los derechos digitales (LOPDGDD). Cumple tambi\u00e9n con el Reglamento (UE) 2016\/679 del Parlamento Europeo y del Consejo de 27 de abril de 2016 relativo a la protecci\u00f3n de las personas f\u00edsicas (RGPD), as\u00ed como con la Ley 34\/2002, de 11 de julio, de Servicios de la Sociedad de la Informaci\u00f3n y Comercio Electr\u00f3nico (LSSICE o LSSI).<\/p>\n\n\n\n<p>Los servicios y\/o productos est\u00e1n disponibles s\u00f3lo para las personas jur\u00eddicas y las personas que tengan 16 a\u00f1os.<\/p>\n\n\n\n<h3 class=\"wp-block-heading\">Identificador del responsable de la web<\/h3>\n\n\n\n<p>Denominaci\u00f3n social: MICHELA SARAGONI<\/p>\n\n\n\n<p>CIF\/NIF: Y3769584J<\/p>\n\n\n\n<p>Correo electr\u00f3nico: MICHELA.SARAGONI@GMAIL.COM<\/p>\n\n\n\n<p>Domicilio social: DISEMINADO 209, POLIGONO 17, PARCELA 209 \u2013 07140 SENCELLES \u2013 ISLAS BALEARES<\/p>\n\n\n\n<p>Su actividad social es: CHEF PRIVADO<\/p>\n\n\n\n<h3 class=\"wp-block-heading\">\u00bfTe preocupan tus datos personales?<\/h3>\n\n\n\n<p>Leer \u201c<a href=\"https:\/\/chefmichelasaragoni.com\/privacy-policy\/\">Pol\u00edtica de Privacidad<\/a>\u201c<\/p>\n\n\n\n<h3 class=\"wp-block-heading\">Compromisos y obligaciones de los usuarios<\/h3>\n\n\n\n<p>El usuario queda informado, y acepta, que el acceso a la presente web no supone, en modo alguno, el inicio de una relaci\u00f3n comercial con CA&#8217;N SALAS GOURMET EXPERIENCE. De esta forma, el usuario se compromete a utilizar el sitio web, sus servicios y contenidos sin contravenir la legislaci\u00f3n vigente, la buena fe y el orden p\u00fablico.<br>Queda prohibido el uso de la web, con fines il\u00edcitos o lesivos, o que, de cualquier forma, puedan causar perjuicio o impedir el normal funcionamiento del sitio web. Respecto de los contenidos de esta web, se proh\u00edbe:<\/p>\n\n\n\n<ul class=\"wp-block-list\">\n<li>Su reproducci\u00f3n, distribuci\u00f3n o modificaci\u00f3n, total o parcial, a menos que se cuente con mi autorizaci\u00f3n como leg\u00edtimo titular.<\/li>\n\n\n\n<li>Cualquier vulneraci\u00f3n de los derechos del prestador o de mi como leg\u00edtimo titular.<\/li>\n\n\n\n<li>Su utilizaci\u00f3n para fines comerciales o publicitarios.<\/li>\n<\/ul>\n\n\n\n<p>En la utilizaci\u00f3n de la web (gourmetexperiencemallorca.com} el usuario se compromete a no llevar a cabo ninguna conducta que pudiera da\u00f1ar la imagen, los intereses y los derechos de {chef michela saragoni} o de terceros o que pudiera da\u00f1ar, inutilizar o sobrecargar el portal {gourmetexperiencemallorca.com} o que impidiera, de cualquier forma, la normal utilizaci\u00f3n de la web.<\/p>\n\n\n\n<p>No obstante, el usuario debe ser consciente de que las medidas de seguridad de los sistemas inform\u00e1ticos en Internet no son enteramente fiables y que, por tanto {gourmetexperiencemallorca.com} no puede garantizar la inexistencia de malware u otros elementos que puedan producir alteraciones en los sistemas inform\u00e1ticos (software y hardware) del usuario o en sus documentos electr\u00f3nicos y ficheros contenidos en los mismos aunque pongo todos los medios necesarios y las medidas de seguridad oportunas para evitar la presencia de estos elementos da\u00f1inos.<\/p>\n\n\n\n<h3 class=\"wp-block-heading\">Medidas de seguridad<\/h3>\n\n\n\n<p>Los datos personales comunicados por el usuario a {Ca&#8217;n Salas Gourmet Experience} pueden ser almacenados en bases de datos automatizadas o no, cuya titularidad corresponde en exclusiva a {Michela Saragoni}, asumiendo \u00e9sta todas las medidas de \u00edndole t\u00e9cnica, organizativa y de seguridad que garantizan la confidencialidad, integridad y calidad de la informaci\u00f3n contenida en las mismas de acuerdo con lo establecido en la normativa vigente en protecci\u00f3n de datos.<br>La comunicaci\u00f3n entre los usuarios y {gourmetexperiencemallorca.com} utiliza un canal seguro, y los datos transmitidos son cifrados gracias a protocolos a https, por tanto, garantizo las mejores condiciones de seguridad para que la confidencialidad de los usuarios est\u00e9 garantizada.<\/p>\n\n\n\n<h3 class=\"wp-block-heading\">Plataforma de resoluci\u00f3n de conflictos<\/h3>\n\n\n\n<p>Pongo tambi\u00e9n a disposici\u00f3n de los usuarios la plataforma de resoluci\u00f3n de litigios que facilita la Comisi\u00f3n Europea y que se encuentra disponible en el siguiente enlace:&nbsp;<a href=\"https:\/\/ec.europa.eu\/consumers\/odr\/\">https:\/\/ec.europa.eu\/consumers\/odr\/<\/a><\/p>\n\n\n\n<h3 class=\"wp-block-heading\">Exclusi\u00f3n de garant\u00edas y responsable<\/h3>\n\n\n\n<p>{Ca&#8217;n Salas Gourmet Experience} no otorga ninguna garant\u00eda ni se hace responsable, en ning\u00fan caso, de los da\u00f1os y perjuicios de cualquier naturaleza que pudieran traer causa de:<\/p>\n\n\n\n<ul class=\"wp-block-list\">\n<li>La falta de disponibilidad, mantenimiento y efectivo funcionamiento de la web, o de sus servicios y contenidos.<\/li>\n\n\n\n<li>La existencia de malware, programas maliciosos o lesivos en los contenidos.<\/li>\n\n\n\n<li>El uso il\u00edcito, negligente, fraudulento o contrario a este Aviso Legal.<\/li>\n\n\n\n<li>La falta de licitud, calidad, fiabilidad, utilidad y disponibilidad de los servicios prestados por terceros y puestos a disposici\u00f3n de los usuarios en el sitio web.<\/li>\n\n\n\n<li>El prestador no se hace responsable bajo ning\u00fan concepto de los da\u00f1os que pudieran dimanar del uso ilegal o indebido de la presente p\u00e1gina web.<\/li>\n<\/ul>\n\n\n\n<h3 class=\"wp-block-heading\">Ley aplicable y jurisdicci\u00f3n<\/h3>\n\n\n\n<p>Con car\u00e1cter general las relaciones entre {Ca&#8217;n Salas Gourmet Experience} con los usuarios de sus servicios telem\u00e1ticos, presentes en esta web se encuentran sometidas a la legislaci\u00f3n y jurisdicci\u00f3n espa\u00f1olas y a los tribunales de {Islas Baleares}.<\/p>\n\n\n\n<p>En caso de que cualquier usuario tuviese alguna duda acerca de estas Condiciones legales o cualquier comentario sobre el portal {gourmetexperiencemallorca.com}, por favor dir\u00edjase a {michela.saragoni@gmail.com}.<\/p>\n\n\n\n<p><\/p>\n","protected":false},"excerpt":{"rendered":"<p>Est\u00e1s en un espacio comprometido con los derechos de sus usuarios y por raz\u00f3n, tendr\u00e1s m\u00e1xima transparencia y rigor sobre<\/p>\n","protected":false},"author":1,"featured_media":0,"parent":0,"menu_order":0,"comment_status":"closed","ping_status":"closed","template":"","meta":{"footnotes":""},"class_list":["post-290","page","type-page","status-publish","hentry"],"_links":{"self":[{"href":"https:\/\/gourmetexperiencemallorca.com\/es\/wp-json\/wp\/v2\/pages\/290","targetHints":{"allow":["GET"]}}],"collection":[{"href":"https:\/\/gourmetexperiencemallorca.com\/es\/wp-json\/wp\/v2\/pages"}],"about":[{"href":"https:\/\/gourmetexperiencemallorca.com\/es\/wp-json\/wp\/v2\/types\/page"}],"author":[{"embeddable":true,"href":"https:\/\/gourmetexperiencemallorca.com\/es\/wp-json\/wp\/v2\/users\/1"}],"replies":[{"embeddable":true,"href":"https:\/\/gourmetexperiencemallorca.com\/es\/wp-json\/wp\/v2\/comments?post=290"}],"version-history":[{"count":3,"href":"https:\/\/gourmetexperiencemallorca.com\/es\/wp-json\/wp\/v2\/pages\/290\/revisions"}],"predecessor-version":[{"id":697,"href":"https:\/\/gourmetexperiencemallorca.com\/es\/wp-json\/wp\/v2\/pages\/290\/revisions\/697"}],"wp:attachment":[{"href":"https:\/\/gourmetexperiencemallorca.com\/es\/wp-json\/wp\/v2\/media?parent=290"}],"curies":[{"name":"wp","href":"https:\/\/api.w.org\/{rel}","templated":true}]}}